{"id":327,"date":"2024-12-09T14:02:27","date_gmt":"2024-12-09T13:02:27","guid":{"rendered":"https:\/\/tatrarendezveny.hu\/?page_id=327"},"modified":"2025-11-12T09:05:08","modified_gmt":"2025-11-12T08:05:08","slug":"szolgaltatasok","status":"publish","type":"page","link":"https:\/\/tatrarendezveny.hu\/index.php\/szolgaltatasok\/","title":{"rendered":"T\u00e1tra Rendezv\u00e9nyh\u00e1z szolg\u00e1ltat\u00e1sok"},"content":{"rendered":"\n\n\n\n\n\n","protected":false},"excerpt":{"rendered":"","protected":false},"author":1,"featured_media":0,"parent":0,"menu_order":0,"comment_status":"closed","ping_status":"closed","template":"full-width","meta":{"saved_in_kubio":true,"ngg_post_thumbnail":0,"footnotes":""},"class_list":["post-327","page","type-page","status-publish","hentry"],"kubio_ai_page_context":{"short_desc":"","purpose":"general"},"_links":{"self":[{"href":"https:\/\/tatrarendezveny.hu\/index.php\/wp-json\/wp\/v2\/pages\/327","targetHints":{"allow":["GET"]}}],"collection":[{"href":"https:\/\/tatrarendezveny.hu\/index.php\/wp-json\/wp\/v2\/pages"}],"about":[{"href":"https:\/\/tatrarendezveny.hu\/index.php\/wp-json\/wp\/v2\/types\/page"}],"author":[{"embeddable":true,"href":"https:\/\/tatrarendezveny.hu\/index.php\/wp-json\/wp\/v2\/users\/1"}],"replies":[{"embeddable":true,"href":"https:\/\/tatrarendezveny.hu\/index.php\/wp-json\/wp\/v2\/comments?post=327"}],"version-history":[{"count":8,"href":"https:\/\/tatrarendezveny.hu\/index.php\/wp-json\/wp\/v2\/pages\/327\/revisions"}],"predecessor-version":[{"id":703,"href":"https:\/\/tatrarendezveny.hu\/index.php\/wp-json\/wp\/v2\/pages\/327\/revisions\/703"}],"wp:attachment":[{"href":"https:\/\/tatrarendezveny.hu\/index.php\/wp-json\/wp\/v2\/media?parent=327"}],"curies":[{"name":"wp","href":"https:\/\/api.w.org\/{rel}","templated":true}]}}